{"id":220,"date":"2018-10-30T18:57:59","date_gmt":"2018-10-30T18:57:59","guid":{"rendered":"http:\/\/sulf-tf.de\/?page_id=220"},"modified":"2018-10-30T19:49:18","modified_gmt":"2018-10-30T19:49:18","slug":"der-verein","status":"publish","type":"page","link":"http:\/\/sulf-tf.de\/?page_id=220","title":{"rendered":"\u00dcber uns"},"content":{"rendered":"<table width=\"100%\">\n<tbody>\n<tr>\n<td>Haben Sie Interesse an alten Traktoren und historischer Landtechnik?<\/p>\n<p>Wenn ja, dann sind Sie bei uns genau richtig! <a href=\"http:\/\/sulf-tf.de\/wp-content\/uploads\/2018\/09\/SF-Beitrittserkl-2016.pdf\" target=\"_blank\" rel=\"noopener\">Beitrittserkl\u00e4rung<\/a><\/p>\n<p>Ziel unseres Vereins, der 1991 gegr\u00fcndet worden ist, ist die Pflege landwirtschaftlichen Brauchtums, insbesondere die Erforschung, Erhaltung, Pflege und der Einsatz historischer Landtechnik. Durch Ausstellungen und Vorf\u00fchrungen soll der \u00d6ffentlichkeit der Einsatz historischer Landtechnik n\u00e4her gebracht und auf den Pioniergeist und das Brauchtum fr\u00fcherer Generationen hingewiesen werden.<\/p>\n<p>Der Verein &#8220;Schlepper- und Landmaschinenfreunde Tauber-Franken e. V.&#8221; besteht derzeit aus 168 Mitgliedern (Stand M\u00e4rz 2013). Der. 1. Vorsitzende ist Xaver Sch\u00fctzenmeier, 2. Vorsitzender Hermann Hafner, Schriftf\u00fchrer J\u00fcrgen Str\u00f6bel und Kassier Peter Dei\u00dfler. Die Beir\u00e4te sind Richard Arweiler, Otto Grie\u00dfmeyer, Ewald Haag, Alfons Mark, Prof. Dr. Gottfried M\u00fcller, Hermann Schmidt und Werner Schulz. Die Mitglieder kommen aus verschiedenen Gebieten von Tauber-Franken: Bad Mergentheim, Weikersheim, Creglingen, Niederstetten, Rothenburg o.T., Schrozberg, Blaufelden, Simmershofen, Aub, Uffenheim, Dornheim, Ochsenfurt und Neustadt\/Aisch.<\/p>\n<p>Zu den festen Veranstaltungen im Jahresprogramm geh\u00f6ren ein<\/p>\n<ul>\n<li>monatlicher Stammtisch,<\/li>\n<li>Mitgliederversammlung im ersten Quartal des Jahres<\/li>\n<li>Vereinsausflug und Weihnachtsfeier<\/li>\n<li>Weiterhin organisiert man Treffen und Feldtage f\u00fcr Oldtimertraktoren und historische Landmaschinen.<\/li>\n<\/ul>\n<p>Mit Dreschvorf\u00fchrungen, Oldtimerpfl\u00fcgen, Ausfahrten usw. soll der \u00d6ffentlichkeit die Funktion und Arbeitsweise der Landmaschinen n\u00e4her gebracht werden. So veranstaltete der Verein im Sommer 2011 im Fr\u00e4nkischen Freilandmuseum Bad Windsheim das 5. Gro\u00dfe Oldtimer Schleppertreffen mit \u00fcber 400 Traktoren. Zu sehen war u.a. Getreide binden, pfl\u00fcgen, eggen und Stroh pressen. Au\u00dferdem fand ein Fahrzeugkorso mit Vorstellung einiger Schlepper statt.<\/p>\n<p>Die Bandbreite der restaurierten und gesammelten Traktoren reicht von Agria, Allgaier, Bautz, Deutz, Fendt, Eicher, G\u00fcldner, Hanomag, Holder, IHC, Kramer, Heinrich Lanz, Herrmann Lanz, MAN, Massey Ferguson, Normag, Primus, Porsche, Schl\u00fcter, Sulzer bis zum Unimog. \u00c4ltester Traktor des Vereins ist ein Lanz-Bulldog HL 12, Baujahr 1921. Seit einigen Jahren werden bei vereinsinternen Treffen Wanderpokale vergeben. Dabei bewertet eine unabh\u00e4ngige Jury aus Nichtmitgliedern den Originalzustand der Fahrzeuge.<\/td>\n<\/tr>\n<\/tbody>\n<\/table>\n<p>Haben wir Ihr Interesse geweckt? Mit Ihrem Beitritt k\u00f6nnen Sie unseren Verein unterst\u00fctzen.<\/p>\n<p><a href=\"http:\/\/sulf-tf.de\/wp-content\/uploads\/2018\/09\/SF-Beitrittserkl-2016.pdf\" target=\"_blank\" rel=\"noopener\">Beitrittserkl\u00e4rung<\/a><\/p>\n<p>&nbsp;<\/p>\n<table style=\"height: 39px;\" width=\"62\">\n<tbody>\n<tr>\n<td><\/td>\n<td><\/td>\n<\/tr>\n<tr>\n<td width=\"47%\"><\/td>\n<td width=\"12%\"><\/td>\n<\/tr>\n<tr>\n<td width=\"47%\"><\/td>\n<td width=\"12%\"><\/td>\n<\/tr>\n<tr>\n<td width=\"47%\"><\/td>\n<td><\/td>\n<\/tr>\n<\/tbody>\n<\/table>\n","protected":false},"excerpt":{"rendered":"<p>Haben Sie Interesse an alten Traktoren und historischer Landtechnik? Wenn ja, dann sind Sie bei uns genau richtig! Beitrittserkl\u00e4rung Ziel unseres Vereins, der 1991 gegr\u00fcndet&hellip;<\/p>\n","protected":false},"author":1,"featured_media":0,"parent":0,"menu_order":0,"comment_status":"closed","ping_status":"closed","template":"","meta":{"footnotes":""},"class_list":["post-220","page","type-page","status-publish","hentry"],"_links":{"self":[{"href":"http:\/\/sulf-tf.de\/index.php?rest_route=\/wp\/v2\/pages\/220","targetHints":{"allow":["GET"]}}],"collection":[{"href":"http:\/\/sulf-tf.de\/index.php?rest_route=\/wp\/v2\/pages"}],"about":[{"href":"http:\/\/sulf-tf.de\/index.php?rest_route=\/wp\/v2\/types\/page"}],"author":[{"embeddable":true,"href":"http:\/\/sulf-tf.de\/index.php?rest_route=\/wp\/v2\/users\/1"}],"replies":[{"embeddable":true,"href":"http:\/\/sulf-tf.de\/index.php?rest_route=%2Fwp%2Fv2%2Fcomments&post=220"}],"version-history":[{"count":6,"href":"http:\/\/sulf-tf.de\/index.php?rest_route=\/wp\/v2\/pages\/220\/revisions"}],"predecessor-version":[{"id":224,"href":"http:\/\/sulf-tf.de\/index.php?rest_route=\/wp\/v2\/pages\/220\/revisions\/224"}],"wp:attachment":[{"href":"http:\/\/sulf-tf.de\/index.php?rest_route=%2Fwp%2Fv2%2Fmedia&parent=220"}],"curies":[{"name":"wp","href":"https:\/\/api.w.org\/{rel}","templated":true}]}}